{"id":701,"date":"2019-10-10T14:53:50","date_gmt":"2019-10-10T14:53:50","guid":{"rendered":"http:\/\/dobairro116.pt\/?page_id=701"},"modified":"2020-03-05T16:47:31","modified_gmt":"2020-03-05T16:47:31","slug":"curiosidades","status":"publish","type":"page","link":"https:\/\/dobairro116.pt\/en\/curiosidades\/","title":{"rendered":"Curiosities"},"content":{"rendered":"<div data-elementor-type=\"wp-page\" data-elementor-id=\"701\" class=\"elementor elementor-701\">\n\t\t\t\t\t\t<section class=\"elementor-section elementor-top-section elementor-element elementor-element-1be47915 elementor-section-content-middle elementor-section-boxed elementor-section-height-default elementor-section-height-default\" data-id=\"1be47915\" data-element_type=\"section\" data-e-type=\"section\">\n\t\t\t\t\t\t<div class=\"elementor-container elementor-column-gap-no\">\n\t\t\t\t\t<div class=\"elementor-column elementor-col-100 elementor-top-column elementor-element elementor-element-38dad006 elementor-invisible\" data-id=\"38dad006\" data-element_type=\"column\" data-e-type=\"column\" data-settings=\"{&quot;animation&quot;:&quot;slideInLeft&quot;}\">\n\t\t\t<div class=\"elementor-widget-wrap elementor-element-populated\">\n\t\t\t\t\t\t<div class=\"elementor-element elementor-element-1658c33f elementor-widget elementor-widget-heading\" data-id=\"1658c33f\" data-element_type=\"widget\" data-e-type=\"widget\" data-widget_type=\"heading.default\">\n\t\t\t\t<div class=\"elementor-widget-container\">\n\t\t\t\t\t<h1 class=\"elementor-heading-title elementor-size-default\">Street Food, what is it?<\/h1>\t\t\t\t<\/div>\n\t\t\t\t<\/div>\n\t\t\t\t<section class=\"elementor-section elementor-inner-section elementor-element elementor-element-bce1d26 elementor-section-boxed elementor-section-height-default elementor-section-height-default\" data-id=\"bce1d26\" data-element_type=\"section\" data-e-type=\"section\">\n\t\t\t\t\t\t<div class=\"elementor-container elementor-column-gap-default\">\n\t\t\t\t\t<div class=\"elementor-column elementor-col-100 elementor-inner-column elementor-element elementor-element-46800b59\" data-id=\"46800b59\" data-element_type=\"column\" data-e-type=\"column\">\n\t\t\t<div class=\"elementor-widget-wrap elementor-element-populated\">\n\t\t\t\t\t\t<div class=\"elementor-element elementor-element-20161a40 elementor-widget elementor-widget-text-editor\" data-id=\"20161a40\" data-element_type=\"widget\" data-e-type=\"widget\" data-widget_type=\"text-editor.default\">\n\t\t\t\t<div class=\"elementor-widget-container\">\n\t\t\t\t\t\t\t\t\t<p class=\"has-text-color has-very-light-gray-color\"><i>Str<\/i><em>eet Food<\/em>\u00a0is a concept of food made at the moment, ready to eat and sold in a street or public place, by street sellers, often in a mobile tent or even on wheels.<\/p><p class=\"has-text-color has-very-light-gray-color\">Street Food is a phenomenon, a novelty and a tendency for all those interested in gastronomy. Street food has become an almost mandatory component in the tourist offers, allowing their enrichment and diversification.<\/p><p class=\"has-text-color has-very-light-gray-color\">It has become a trend in the world, and Portugal is no exception. Portugal is also well known for their gastronomy, which attracts many and more tourists.<\/p>\t\t\t\t\t\t\t\t<\/div>\n\t\t\t\t<\/div>\n\t\t\t\t\t<\/div>\n\t\t<\/div>\n\t\t\t\t\t<\/div>\n\t\t<\/section>\n\t\t\t\t\t<\/div>\n\t\t<\/div>\n\t\t\t\t\t<\/div>\n\t\t<\/section>\n\t\t\t\t<section class=\"elementor-section elementor-top-section elementor-element elementor-element-82bf2e1 elementor-section-boxed elementor-section-height-default elementor-section-height-default elementor-invisible\" data-id=\"82bf2e1\" data-element_type=\"section\" data-e-type=\"section\" data-settings=\"{&quot;animation&quot;:&quot;zoomIn&quot;}\">\n\t\t\t\t\t\t<div class=\"elementor-container elementor-column-gap-default\">\n\t\t\t\t\t<div class=\"elementor-column elementor-col-100 elementor-top-column elementor-element elementor-element-b9dfb3e\" data-id=\"b9dfb3e\" data-element_type=\"column\" data-e-type=\"column\">\n\t\t\t<div class=\"elementor-widget-wrap elementor-element-populated\">\n\t\t\t\t\t\t<div class=\"elementor-element elementor-element-49f2da8 elementor-widget elementor-widget-testimonial\" data-id=\"49f2da8\" data-element_type=\"widget\" data-e-type=\"widget\" data-widget_type=\"testimonial.default\">\n\t\t\t\t<div class=\"elementor-widget-container\">\n\t\t\t\t\t\t\t<div class=\"elementor-testimonial-wrapper\">\n\t\t\t\t\t\t\t<div class=\"elementor-testimonial-content\">\"Street food is gonna be the most important trend in the world of gastronomy for the years to come\"<\/div>\n\t\t\t\n\t\t\t\t\t\t<div class=\"elementor-testimonial-meta\">\n\t\t\t\t<div class=\"elementor-testimonial-meta-inner\">\n\t\t\t\t\t\n\t\t\t\t\t\t\t\t\t\t<div class=\"elementor-testimonial-details\">\n\t\t\t\t\t\t\t\t\t\t\t\t\t\t\t\t\t\t\t\t<div class=\"elementor-testimonial-job\">From the study \"Tend\u00eancias Em Turismo Gastron\u00f3mico\" by AYR Consulting 2015<\/div>\n\t\t\t\t\t\t\t\t\t\t\t\t\t<\/div>\n\t\t\t\t\t\t\t\t\t<\/div>\n\t\t\t<\/div>\n\t\t\t\t\t<\/div>\n\t\t\t\t\t\t<\/div>\n\t\t\t\t<\/div>\n\t\t\t\t\t<\/div>\n\t\t<\/div>\n\t\t\t\t\t<\/div>\n\t\t<\/section>\n\t\t\t\t<section class=\"elementor-section elementor-top-section elementor-element elementor-element-7e2ecd5 elementor-section-content-middle elementor-section-boxed elementor-section-height-default elementor-section-height-default elementor-invisible\" data-id=\"7e2ecd5\" data-element_type=\"section\" data-e-type=\"section\" data-settings=\"{&quot;background_background&quot;:&quot;classic&quot;,&quot;animation&quot;:&quot;slideInRight&quot;}\">\n\t\t\t\t\t\t<div class=\"elementor-container elementor-column-gap-no\">\n\t\t\t\t\t<div class=\"elementor-column elementor-col-100 elementor-top-column elementor-element elementor-element-8b72244\" data-id=\"8b72244\" data-element_type=\"column\" data-e-type=\"column\">\n\t\t\t<div class=\"elementor-widget-wrap elementor-element-populated\">\n\t\t\t\t\t\t<div class=\"elementor-element elementor-element-eedc8a3 elementor-widget elementor-widget-heading\" data-id=\"eedc8a3\" data-element_type=\"widget\" data-e-type=\"widget\" data-widget_type=\"heading.default\">\n\t\t\t\t<div class=\"elementor-widget-container\">\n\t\t\t\t\t<h3 class=\"elementor-heading-title elementor-size-default\">Origin of Street Food<\/h3>\t\t\t\t<\/div>\n\t\t\t\t<\/div>\n\t\t\t\t<section class=\"elementor-section elementor-inner-section elementor-element elementor-element-9dd359f elementor-section-boxed elementor-section-height-default elementor-section-height-default\" data-id=\"9dd359f\" data-element_type=\"section\" data-e-type=\"section\">\n\t\t\t\t\t\t<div class=\"elementor-container elementor-column-gap-default\">\n\t\t\t\t\t<div class=\"elementor-column elementor-col-100 elementor-inner-column elementor-element elementor-element-527b444\" data-id=\"527b444\" data-element_type=\"column\" data-e-type=\"column\">\n\t\t\t<div class=\"elementor-widget-wrap elementor-element-populated\">\n\t\t\t\t\t\t<div class=\"elementor-element elementor-element-4147651 elementor-widget elementor-widget-text-editor\" data-id=\"4147651\" data-element_type=\"widget\" data-e-type=\"widget\" data-widget_type=\"text-editor.default\">\n\t\t\t\t<div class=\"elementor-widget-container\">\n\t\t\t\t\t\t\t\t\t<p>The concept of<i>Street Food<\/i>is not new, it's actually quite old<\/p><p>It all started in ancient Greece, where fried fish were part of street food. The most poor people had no kitchens at home, so they had to eat in the streets. Just as in China, food was also served to the poorer population, while the richer citizens sent their employees to buy the street food to be consumed by themselves in their homes.\u00a0<\/p><p>French fries were probably the origin of\u00a0<em>street food<\/em>, In the 1840s, the famous\u00a0<em>french fries<\/em>emerged in Paris.<\/p><p class=\"translation-block\">Although some of the street food has regional origins most of it eventually expanded beyond its region of origin. Most street food is also classified as finger food and fast food where, on average, it is cheaper than a meal served in a restaurant. According to the Food and Agriculture Organization of the United Nations, 2.5 billion people used street food daily in 2007.<\/p>\t\t\t\t\t\t\t\t<\/div>\n\t\t\t\t<\/div>\n\t\t\t\t\t<\/div>\n\t\t<\/div>\n\t\t\t\t\t<\/div>\n\t\t<\/section>\n\t\t\t\t\t<\/div>\n\t\t<\/div>\n\t\t\t\t\t<\/div>\n\t\t<\/section>\n\t\t\t\t<section class=\"elementor-section elementor-top-section elementor-element elementor-element-6c0b6ce elementor-section-boxed elementor-section-height-default elementor-section-height-default\" data-id=\"6c0b6ce\" data-element_type=\"section\" data-e-type=\"section\">\n\t\t\t\t\t\t<div class=\"elementor-container elementor-column-gap-default\">\n\t\t\t\t\t<div class=\"elementor-column elementor-col-100 elementor-top-column elementor-element elementor-element-5439d64\" data-id=\"5439d64\" data-element_type=\"column\" data-e-type=\"column\">\n\t\t\t<div class=\"elementor-widget-wrap elementor-element-populated\">\n\t\t\t\t\t\t<div class=\"elementor-element elementor-element-38ecc20 elementor-invisible elementor-widget elementor-widget-image\" data-id=\"38ecc20\" data-element_type=\"widget\" data-e-type=\"widget\" data-settings=\"{&quot;_animation&quot;:&quot;zoomIn&quot;}\" data-widget_type=\"image.default\">\n\t\t\t\t<div class=\"elementor-widget-container\">\n\t\t\t\t\t\t\t\t\t\t\t\t\t\t\t<img fetchpriority=\"high\" decoding=\"async\" width=\"2073\" height=\"964\" src=\"https:\/\/dobairro116.pt\/wp-content\/uploads\/2019\/10\/streetfood_dobairro116_.jpg\" class=\"attachment-full size-full wp-image-711\" alt=\"\" srcset=\"https:\/\/dobairro116.pt\/wp-content\/uploads\/2019\/10\/streetfood_dobairro116_.jpg 2073w, https:\/\/dobairro116.pt\/wp-content\/uploads\/2019\/10\/streetfood_dobairro116_-300x140.jpg 300w, https:\/\/dobairro116.pt\/wp-content\/uploads\/2019\/10\/streetfood_dobairro116_-768x357.jpg 768w, https:\/\/dobairro116.pt\/wp-content\/uploads\/2019\/10\/streetfood_dobairro116_-1024x476.jpg 1024w\" sizes=\"(max-width: 2073px) 100vw, 2073px\" \/>\t\t\t\t\t\t\t\t\t\t\t\t\t\t\t<\/div>\n\t\t\t\t<\/div>\n\t\t\t\t\t<\/div>\n\t\t<\/div>\n\t\t\t\t\t<\/div>\n\t\t<\/section>\n\t\t\t\t<section class=\"elementor-section elementor-top-section elementor-element elementor-element-39167c9 elementor-section-content-middle elementor-section-boxed elementor-section-height-default elementor-section-height-default elementor-invisible\" data-id=\"39167c9\" data-element_type=\"section\" data-e-type=\"section\" data-settings=\"{&quot;background_background&quot;:&quot;classic&quot;,&quot;animation&quot;:&quot;slideInLeft&quot;}\">\n\t\t\t\t\t\t<div class=\"elementor-container elementor-column-gap-no\">\n\t\t\t\t\t<div class=\"elementor-column elementor-col-100 elementor-top-column elementor-element elementor-element-e4b16ed\" data-id=\"e4b16ed\" data-element_type=\"column\" data-e-type=\"column\">\n\t\t\t<div class=\"elementor-widget-wrap elementor-element-populated\">\n\t\t\t\t\t\t<div class=\"elementor-element elementor-element-140d078 elementor-widget elementor-widget-heading\" data-id=\"140d078\" data-element_type=\"widget\" data-e-type=\"widget\" data-widget_type=\"heading.default\">\n\t\t\t\t<div class=\"elementor-widget-container\">\n\t\t\t\t\t<h3 class=\"elementor-heading-title elementor-size-default\">Origin of the Food Truck<\/h3>\t\t\t\t<\/div>\n\t\t\t\t<\/div>\n\t\t\t\t<section class=\"elementor-section elementor-inner-section elementor-element elementor-element-d556ab5 elementor-section-boxed elementor-section-height-default elementor-section-height-default\" data-id=\"d556ab5\" data-element_type=\"section\" data-e-type=\"section\">\n\t\t\t\t\t\t<div class=\"elementor-container elementor-column-gap-default\">\n\t\t\t\t\t<div class=\"elementor-column elementor-col-100 elementor-inner-column elementor-element elementor-element-56214fe\" data-id=\"56214fe\" data-element_type=\"column\" data-e-type=\"column\">\n\t\t\t<div class=\"elementor-widget-wrap elementor-element-populated\">\n\t\t\t\t\t\t<div class=\"elementor-element elementor-element-71838be elementor-widget elementor-widget-text-editor\" data-id=\"71838be\" data-element_type=\"widget\" data-e-type=\"widget\" data-widget_type=\"text-editor.default\">\n\t\t\t\t<div class=\"elementor-widget-container\">\n\t\t\t\t\t\t\t\t\t<p class=\"has-text-color has-very-light-gray-color\">After the Civil War, many people started looking for new opportunities, crossing the country. This expansion created a huge need for food, and to fulfill this need, ranchers travelled enormous distances transporting cattle from one side of the country to the other, and as the railroads had not yet reached those surroundings, they ended up staying several months on the roads, with little food to eat.<\/p><p class=\"has-text-color has-very-light-gray-color\">In 1866, Charles Goodnight, as he prepared for the long trip to take his cattle from Texas to the state of New Mexico, had the idea of buying a wagon that had belonged to the Army and adapting it with a kitchen.<\/p><p class=\"has-text-color has-very-light-gray-color\">In 1872, a salesman named Walter Scott cut windows in a small covered wagon and parked it in front of a local newspaper office in Providence, and decided to sell pies and coffee to rushed journalists and press officers, who often worked late.<\/p><p class=\"has-text-color has-very-light-gray-color\">After several decades, Mexican immigrants brought the \"taco truck\" culture to California and the concept gradually diversified, but for a long time food trucks were synonymous of hamburgers, hot dogs, ice cream and, of course, tacos.<\/p><p class=\"has-text-color has-very-light-gray-color\">The revival of food trucks emerged at the end of the year 2000 in the USA with the start of the economic recession. Since they were a cheaper and easier way to bring food to their consumers.<\/p><p class=\"has-text-color has-very-light-gray-color\">Over the years, there has been a continuous improvement in the quality and variety of products in this sector, although they are made in small spaces, the trucks, are prepared and sanitized in order to provide the highest quality of confection.<\/p><p class=\"has-text-color has-very-light-gray-color\">The food truck's own design and its exposure to the target public already serve as highly effective promotional items. The food trucks are a tourist resource in some destinations, and the presence of salesmen in the locations brings more life and color to these destinations and eventually attracts tourists.<\/p>\t\t\t\t\t\t\t\t<\/div>\n\t\t\t\t<\/div>\n\t\t\t\t\t<\/div>\n\t\t<\/div>\n\t\t\t\t\t<\/div>\n\t\t<\/section>\n\t\t\t\t\t<\/div>\n\t\t<\/div>\n\t\t\t\t\t<\/div>\n\t\t<\/section>\n\t\t\t\t<section class=\"elementor-section elementor-top-section elementor-element elementor-element-60be7ac elementor-section-content-middle elementor-section-boxed elementor-section-height-default elementor-section-height-default elementor-invisible\" data-id=\"60be7ac\" data-element_type=\"section\" data-e-type=\"section\" data-settings=\"{&quot;background_background&quot;:&quot;classic&quot;,&quot;animation&quot;:&quot;slideInRight&quot;}\">\n\t\t\t\t\t\t<div class=\"elementor-container elementor-column-gap-no\">\n\t\t\t\t\t<div class=\"elementor-column elementor-col-100 elementor-top-column elementor-element elementor-element-12b7c1c\" data-id=\"12b7c1c\" data-element_type=\"column\" data-e-type=\"column\">\n\t\t\t<div class=\"elementor-widget-wrap elementor-element-populated\">\n\t\t\t\t\t\t<div class=\"elementor-element elementor-element-aa779c1 elementor-widget elementor-widget-heading\" data-id=\"aa779c1\" data-element_type=\"widget\" data-e-type=\"widget\" data-widget_type=\"heading.default\">\n\t\t\t\t<div class=\"elementor-widget-container\">\n\t\t\t\t\t<h3 class=\"elementor-heading-title elementor-size-default\">First Street Food Festival in Portugal<\/h3>\t\t\t\t<\/div>\n\t\t\t\t<\/div>\n\t\t\t\t<section class=\"elementor-section elementor-inner-section elementor-element elementor-element-9577fb1 elementor-section-boxed elementor-section-height-default elementor-section-height-default\" data-id=\"9577fb1\" data-element_type=\"section\" data-e-type=\"section\">\n\t\t\t\t\t\t<div class=\"elementor-container elementor-column-gap-default\">\n\t\t\t\t\t<div class=\"elementor-column elementor-col-100 elementor-inner-column elementor-element elementor-element-dd594bc\" data-id=\"dd594bc\" data-element_type=\"column\" data-e-type=\"column\">\n\t\t\t<div class=\"elementor-widget-wrap elementor-element-populated\">\n\t\t\t\t\t\t<div class=\"elementor-element elementor-element-a6ab29d elementor-widget elementor-widget-text-editor\" data-id=\"a6ab29d\" data-element_type=\"widget\" data-e-type=\"widget\" data-widget_type=\"text-editor.default\">\n\t\t\t\t<div class=\"elementor-widget-container\">\n\t\t\t\t\t\t\t\t\t<p>The first street food festival in Portugal took place from April 4 to 12, 2015 in the gardens of Casino do Estoril, in Cascais. According to Ag\u00eancia Lusa (2015), this festival brought together about 50 entrepreneurs in this field and more than 100 thousand visitors, resulting in a total turnover of about 350 thousand euros.<\/p>\t\t\t\t\t\t\t\t<\/div>\n\t\t\t\t<\/div>\n\t\t\t\t\t<\/div>\n\t\t<\/div>\n\t\t\t\t\t<\/div>\n\t\t<\/section>\n\t\t\t\t\t<\/div>\n\t\t<\/div>\n\t\t\t\t\t<\/div>\n\t\t<\/section>\n\t\t\t\t<\/div>","protected":false},"excerpt":{"rendered":"<p>Street Food, o que \u00e9? Street Food\u00a0(comida de rua) \u00e9 um conceito de comida feita no momento, pronta a comer e \u00e9 vendida numa rua ou local p\u00fablico, por vendedores ambulantes, muitas vezes, numa tenda m\u00f3vel ou at\u00e9 mesmo sobre rodas. Street Food\u00a0\u00e9 um fen\u00f3meno, uma curiosidade e tend\u00eancia para todos aqueles interessados em gastronomia.<\/p><\/div>\n<div class=\"blog-btn\"><a href=\"https:\/\/dobairro116.pt\/en\/curiosidades\/\" class=\"home-blog-btn\">Read More<\/a><\/p>","protected":false},"author":1,"featured_media":0,"parent":0,"menu_order":0,"comment_status":"closed","ping_status":"closed","template":"","meta":{"footnotes":""},"class_list":["post-701","page","type-page","status-publish","hentry"],"_links":{"self":[{"href":"https:\/\/dobairro116.pt\/en\/wp-json\/wp\/v2\/pages\/701","targetHints":{"allow":["GET"]}}],"collection":[{"href":"https:\/\/dobairro116.pt\/en\/wp-json\/wp\/v2\/pages"}],"about":[{"href":"https:\/\/dobairro116.pt\/en\/wp-json\/wp\/v2\/types\/page"}],"author":[{"embeddable":true,"href":"https:\/\/dobairro116.pt\/en\/wp-json\/wp\/v2\/users\/1"}],"replies":[{"embeddable":true,"href":"https:\/\/dobairro116.pt\/en\/wp-json\/wp\/v2\/comments?post=701"}],"version-history":[{"count":14,"href":"https:\/\/dobairro116.pt\/en\/wp-json\/wp\/v2\/pages\/701\/revisions"}],"predecessor-version":[{"id":823,"href":"https:\/\/dobairro116.pt\/en\/wp-json\/wp\/v2\/pages\/701\/revisions\/823"}],"wp:attachment":[{"href":"https:\/\/dobairro116.pt\/en\/wp-json\/wp\/v2\/media?parent=701"}],"curies":[{"name":"wp","href":"https:\/\/api.w.org\/{rel}","templated":true}]}}