{"id":2,"date":"2019-03-20T12:27:51","date_gmt":"2019-03-20T12:27:51","guid":{"rendered":"http:\/\/dobairro116.pt\/?page_id=2"},"modified":"2024-12-11T16:14:11","modified_gmt":"2024-12-11T16:14:11","slug":"sobre-nos","status":"publish","type":"page","link":"https:\/\/dobairro116.pt\/en\/sobre-nos\/","title":{"rendered":"About Us"},"content":{"rendered":"<div data-elementor-type=\"wp-page\" data-elementor-id=\"2\" class=\"elementor elementor-2\">\n\t\t\t\t\t\t<section class=\"elementor-section elementor-top-section elementor-element elementor-element-78c37ca elementor-section-content-middle elementor-section-boxed elementor-section-height-default elementor-section-height-default\" data-id=\"78c37ca\" data-element_type=\"section\" data-e-type=\"section\" data-settings=\"{&quot;background_background&quot;:&quot;classic&quot;}\">\n\t\t\t\t\t\t\t<div class=\"elementor-background-overlay\"><\/div>\n\t\t\t\t\t\t\t<div class=\"elementor-container elementor-column-gap-default\">\n\t\t\t\t\t<div class=\"elementor-column elementor-col-100 elementor-top-column elementor-element elementor-element-9680f57 animated-slow elementor-invisible\" data-id=\"9680f57\" data-element_type=\"column\" data-e-type=\"column\" data-settings=\"{&quot;animation&quot;:&quot;fadeIn&quot;,&quot;background_background&quot;:&quot;classic&quot;}\">\n\t\t\t<div class=\"elementor-widget-wrap elementor-element-populated\">\n\t\t\t\t\t\t<section class=\"elementor-section elementor-inner-section elementor-element elementor-element-4714475 elementor-section-boxed elementor-section-height-default elementor-section-height-default\" data-id=\"4714475\" data-element_type=\"section\" data-e-type=\"section\">\n\t\t\t\t\t\t<div class=\"elementor-container elementor-column-gap-default\">\n\t\t\t\t\t<div class=\"elementor-column elementor-col-50 elementor-inner-column elementor-element elementor-element-e5fc350\" data-id=\"e5fc350\" data-element_type=\"column\" data-e-type=\"column\">\n\t\t\t<div class=\"elementor-widget-wrap\">\n\t\t\t\t\t\t\t<\/div>\n\t\t<\/div>\n\t\t\t\t<div class=\"elementor-column elementor-col-50 elementor-inner-column elementor-element elementor-element-d1b6aa1\" data-id=\"d1b6aa1\" data-element_type=\"column\" data-e-type=\"column\">\n\t\t\t<div class=\"elementor-widget-wrap elementor-element-populated\">\n\t\t\t\t\t\t<div class=\"elementor-element elementor-element-604425e elementor-widget elementor-widget-heading\" data-id=\"604425e\" data-element_type=\"widget\" data-e-type=\"widget\" data-widget_type=\"heading.default\">\n\t\t\t\t<div class=\"elementor-widget-container\">\n\t\t\t\t\t<h3 class=\"elementor-heading-title elementor-size-default\">A hist\u00f3ria do Bairro 116<\/h3>\t\t\t\t<\/div>\n\t\t\t\t<\/div>\n\t\t\t\t<div class=\"elementor-element elementor-element-8763a9e elementor-widget elementor-widget-text-editor\" data-id=\"8763a9e\" data-element_type=\"widget\" data-e-type=\"widget\" data-widget_type=\"text-editor.default\">\n\t\t\t\t<div class=\"elementor-widget-container\">\n\t\t\t\t\t\t\t\t\t<p><span style=\"color: #ffffff;\">It all began with a typical Porto family who lived in the famous neighborhoods of the city of Porto, where it is tradition, when something is missing at the last minute, to ask directly to the next door neighbour.<\/span><\/p><p><span style=\"color: #ffffff;\">That's the way the neighborhood is, it's community and sharing. With a uncompromising and casual look, inspired by simplistic, familiar and honest ways of being and thinking, \"doBairro116\" is an unexpected trip to the \"neighborhoods and their people\", it is a direct experience of all this typicality.<\/span><\/p><p><span style=\"color: #ffffff;\">We are a \"travelling neighbour\" who brings kids and adults closer to their deepest roots through the flavours and fragrances of the neighbourhood streets.<\/span><\/p>\t\t\t\t\t\t\t\t<\/div>\n\t\t\t\t<\/div>\n\t\t\t\t\t<\/div>\n\t\t<\/div>\n\t\t\t\t\t<\/div>\n\t\t<\/section>\n\t\t\t\t\t<\/div>\n\t\t<\/div>\n\t\t\t\t\t<\/div>\n\t\t<\/section>\n\t\t\t\t<section class=\"elementor-section elementor-top-section elementor-element elementor-element-2d992cd elementor-section-boxed elementor-section-height-default elementor-section-height-default\" data-id=\"2d992cd\" data-element_type=\"section\" data-e-type=\"section\">\n\t\t\t\t\t\t<div class=\"elementor-container elementor-column-gap-default\">\n\t\t\t\t\t<div class=\"elementor-column elementor-col-33 elementor-top-column elementor-element elementor-element-2fe7c29 animated-slow elementor-invisible\" data-id=\"2fe7c29\" data-element_type=\"column\" data-e-type=\"column\" data-settings=\"{&quot;background_background&quot;:&quot;classic&quot;,&quot;animation&quot;:&quot;fadeInLeft&quot;}\">\n\t\t\t<div class=\"elementor-widget-wrap elementor-element-populated\">\n\t\t\t\t\t\t<div class=\"elementor-element elementor-element-6f02651 elementor-widget elementor-widget-heading\" data-id=\"6f02651\" data-element_type=\"widget\" data-e-type=\"widget\" data-widget_type=\"heading.default\">\n\t\t\t\t<div class=\"elementor-widget-container\">\n\t\t\t\t\t<h5 class=\"elementor-heading-title elementor-size-default\">Mission<\/h5>\t\t\t\t<\/div>\n\t\t\t\t<\/div>\n\t\t\t\t<div class=\"elementor-element elementor-element-ebe4850 elementor-widget elementor-widget-text-editor\" data-id=\"ebe4850\" data-element_type=\"widget\" data-e-type=\"widget\" data-widget_type=\"text-editor.default\">\n\t\t\t\t<div class=\"elementor-widget-container\">\n\t\t\t\t\t\t\t\t\t<p><span style=\"color: #ffffff;\">To provide a conceptual and unexpected visit to the famous neighbourhoods and their residents, through the recreation of various gastronomic dishes, whose scent and flavour can bring the consumer to typicality, roots and traditions.<\/span><\/p>\t\t\t\t\t\t\t\t<\/div>\n\t\t\t\t<\/div>\n\t\t\t\t\t<\/div>\n\t\t<\/div>\n\t\t\t\t<div class=\"elementor-column elementor-col-33 elementor-top-column elementor-element elementor-element-183e683 animated-slow elementor-invisible\" data-id=\"183e683\" data-element_type=\"column\" data-e-type=\"column\" data-settings=\"{&quot;background_background&quot;:&quot;classic&quot;,&quot;animation&quot;:&quot;fadeInUp&quot;}\">\n\t\t\t<div class=\"elementor-widget-wrap elementor-element-populated\">\n\t\t\t\t\t\t<div class=\"elementor-element elementor-element-26c779c elementor-widget elementor-widget-heading\" data-id=\"26c779c\" data-element_type=\"widget\" data-e-type=\"widget\" data-widget_type=\"heading.default\">\n\t\t\t\t<div class=\"elementor-widget-container\">\n\t\t\t\t\t<h4 class=\"elementor-heading-title elementor-size-default\">Vision<\/h4>\t\t\t\t<\/div>\n\t\t\t\t<\/div>\n\t\t\t\t<div class=\"elementor-element elementor-element-938a76e elementor-widget elementor-widget-text-editor\" data-id=\"938a76e\" data-element_type=\"widget\" data-e-type=\"widget\" data-widget_type=\"text-editor.default\">\n\t\t\t\t<div class=\"elementor-widget-container\">\n\t\t\t\t\t\t\t\t\t<p><span style=\"color: #ffffff;\">To join consumers on an exciting journey of flavours that remind them of traditions and memories, from reinvented typical dishes, with the typical fragrances of the neighbourhoods.<\/span><\/p>\t\t\t\t\t\t\t\t<\/div>\n\t\t\t\t<\/div>\n\t\t\t\t\t<\/div>\n\t\t<\/div>\n\t\t\t\t<div class=\"elementor-column elementor-col-33 elementor-top-column elementor-element elementor-element-d1af5d1 animated-fast elementor-invisible\" data-id=\"d1af5d1\" data-element_type=\"column\" data-e-type=\"column\" data-settings=\"{&quot;background_background&quot;:&quot;classic&quot;,&quot;animation&quot;:&quot;fadeInRight&quot;}\">\n\t\t\t<div class=\"elementor-widget-wrap elementor-element-populated\">\n\t\t\t\t\t\t<div class=\"elementor-element elementor-element-0823f93 elementor-widget elementor-widget-heading\" data-id=\"0823f93\" data-element_type=\"widget\" data-e-type=\"widget\" data-widget_type=\"heading.default\">\n\t\t\t\t<div class=\"elementor-widget-container\">\n\t\t\t\t\t<h4 class=\"elementor-heading-title elementor-size-default\">Values<\/h4>\t\t\t\t<\/div>\n\t\t\t\t<\/div>\n\t\t\t\t<div class=\"elementor-element elementor-element-c2a3874 elementor-widget elementor-widget-text-editor\" data-id=\"c2a3874\" data-element_type=\"widget\" data-e-type=\"widget\" data-widget_type=\"text-editor.default\">\n\t\t\t\t<div class=\"elementor-widget-container\">\n\t\t\t\t\t\t\t\t\t<p><span style=\"color: #ffffff;\">Tradition<\/span><\/p><p><span style=\"color: #ffffff;\">Typicity<\/span><\/p><p><span style=\"color: #ffffff;\">Feeling of sharing<\/span><\/p><p><span style=\"color: #ffffff;\">Quality<\/span><\/p><p><span style=\"color: #ffffff;\">Creativity<\/span><\/p><p><span style=\"color: #ffffff;\">Dedication<\/span><\/p>\t\t\t\t\t\t\t\t<\/div>\n\t\t\t\t<\/div>\n\t\t\t\t\t<\/div>\n\t\t<\/div>\n\t\t\t\t\t<\/div>\n\t\t<\/section>\n\t\t\t\t<\/div>","protected":false},"excerpt":{"rendered":"<p>A hist\u00f3ria do Bairro 116 Tudo come\u00e7ou com uma t\u00edpica fam\u00edlia portuense que vivia nos famosos bairros da cidade do Porto, onde \u00e9 tradi\u00e7\u00e3o, quando falta algo \u00e0 \u00faltima da hora, pedir-se diretamente ao vizinho do lado. O bairro \u00e9 assim mesmo, \u00e9 comunidade e partilha. Com um look descomprometido, inspirado em formas de estar<\/p><\/div>\n<div class=\"blog-btn\"><a href=\"https:\/\/dobairro116.pt\/en\/sobre-nos\/\" class=\"home-blog-btn\">Read More<\/a><\/p>","protected":false},"author":1,"featured_media":0,"parent":0,"menu_order":0,"comment_status":"closed","ping_status":"closed","template":"template\/template-about.php","meta":{"footnotes":""},"class_list":["post-2","page","type-page","status-publish","hentry"],"_links":{"self":[{"href":"https:\/\/dobairro116.pt\/en\/wp-json\/wp\/v2\/pages\/2","targetHints":{"allow":["GET"]}}],"collection":[{"href":"https:\/\/dobairro116.pt\/en\/wp-json\/wp\/v2\/pages"}],"about":[{"href":"https:\/\/dobairro116.pt\/en\/wp-json\/wp\/v2\/types\/page"}],"author":[{"embeddable":true,"href":"https:\/\/dobairro116.pt\/en\/wp-json\/wp\/v2\/users\/1"}],"replies":[{"embeddable":true,"href":"https:\/\/dobairro116.pt\/en\/wp-json\/wp\/v2\/comments?post=2"}],"version-history":[{"count":50,"href":"https:\/\/dobairro116.pt\/en\/wp-json\/wp\/v2\/pages\/2\/revisions"}],"predecessor-version":[{"id":1109,"href":"https:\/\/dobairro116.pt\/en\/wp-json\/wp\/v2\/pages\/2\/revisions\/1109"}],"wp:attachment":[{"href":"https:\/\/dobairro116.pt\/en\/wp-json\/wp\/v2\/media?parent=2"}],"curies":[{"name":"wp","href":"https:\/\/api.w.org\/{rel}","templated":true}]}}